{"id":815,"date":"2024-03-21T09:24:05","date_gmt":"2024-03-21T12:24:05","guid":{"rendered":"https:\/\/piarara.com.br\/granja\/?page_id=815"},"modified":"2024-10-22T16:03:31","modified_gmt":"2024-10-22T19:03:31","slug":"products","status":"publish","type":"page","link":"https:\/\/piarara.com.br\/granja\/products\/","title":{"rendered":"Produtos"},"content":{"rendered":"<p>[et_pb_section fb_built=&#8221;1&#8243; custom_padding_last_edited=&#8221;off|desktop&#8221; admin_label=&#8221;Header&#8221; _builder_version=&#8221;4.25.0&#8243; _module_preset=&#8221;default&#8221; background_color=&#8221;gcid-b3621085-7286-49e2-af5d-784d616941d7&#8243; background_enable_image=&#8221;off&#8221; background_size=&#8221;contain&#8221; background_position=&#8221;bottom_center&#8221; custom_padding=&#8221;0px||30px||false|false&#8221; custom_padding_tablet=&#8221;150px||15vw||false|false&#8221; custom_padding_phone=&#8221;180px||50px||false|false&#8221; da_disable_devices=&#8221;off|off|off&#8221; locked=&#8221;off&#8221; global_colors_info=&#8221;{%22gcid-b3621085-7286-49e2-af5d-784d616941d7%22:%91%22background_color%22%93}&#8221; da_is_popup=&#8221;off&#8221; da_exit_intent=&#8221;off&#8221; da_has_close=&#8221;on&#8221; da_alt_close=&#8221;off&#8221; da_dark_close=&#8221;off&#8221; da_not_modal=&#8221;on&#8221; da_is_singular=&#8221;off&#8221; da_with_loader=&#8221;off&#8221; da_has_shadow=&#8221;on&#8221;][et_pb_row _builder_version=&#8221;4.24.2&#8243; _module_preset=&#8221;default&#8221; width=&#8221;78%&#8221; max_width=&#8221;100%&#8221; custom_margin=&#8221;||0px||false|false&#8221; custom_padding=&#8221;||0px||false|false&#8221; global_colors_info=&#8221;{}&#8221;][et_pb_column type=&#8221;4_4&#8243; _builder_version=&#8221;4.16&#8243; _module_preset=&#8221;default&#8221; global_colors_info=&#8221;{}&#8221;][et_pb_text _builder_version=&#8221;4.24.2&#8243; _module_preset=&#8221;default&#8221; header_font=&#8221;Rajdhani|700|||||||&#8221; header_text_color=&#8221;#FFFFFF&#8221; header_font_size=&#8221;52px&#8221; header_line_height=&#8221;1.2em&#8221; max_width=&#8221;800%&#8221; module_alignment=&#8221;left&#8221; custom_margin=&#8221;||10px||false|false&#8221; header_text_align_tablet=&#8221;&#8221; header_text_align_phone=&#8221;center&#8221; header_text_align_last_edited=&#8221;on|phone&#8221; header_font_size_tablet=&#8221;42px&#8221; header_font_size_phone=&#8221;42px&#8221; header_font_size_last_edited=&#8221;on|phone&#8221; locked=&#8221;off&#8221; global_colors_info=&#8221;{}&#8221;]<\/p>\n<h1>Produtos<\/h1>\n<p>[\/et_pb_text][\/et_pb_column][\/et_pb_row][\/et_pb_section][et_pb_section fb_built=&#8221;1&#8243; _builder_version=&#8221;4.27.0&#8243; _module_preset=&#8221;default&#8221; custom_margin=&#8221;0px||||false|false&#8221; custom_padding=&#8221;100px||100px||true|false&#8221; bottom_divider_color=&#8221;#efefef&#8221; da_disable_devices=&#8221;off|off|off&#8221; global_colors_info=&#8221;{}&#8221; da_is_popup=&#8221;off&#8221; da_exit_intent=&#8221;off&#8221; da_has_close=&#8221;on&#8221; da_alt_close=&#8221;off&#8221; da_dark_close=&#8221;off&#8221; da_not_modal=&#8221;on&#8221; da_is_singular=&#8221;off&#8221; da_with_loader=&#8221;off&#8221; da_has_shadow=&#8221;on&#8221;][et_pb_row _builder_version=&#8221;4.24.2&#8243; _module_preset=&#8221;default&#8221; global_colors_info=&#8221;{}&#8221;][et_pb_column type=&#8221;4_4&#8243; _builder_version=&#8221;4.24.2&#8243; _module_preset=&#8221;default&#8221; global_colors_info=&#8221;{}&#8221;][et_pb_code _builder_version=&#8221;4.27.0&#8243; _module_preset=&#8221;default&#8221; hover_enabled=&#8221;0&#8243; locked=&#8221;off&#8221; global_colors_info=&#8221;{}&#8221; sticky_enabled=&#8221;0&#8243;]<\/p>\n<div class='buttons'><!-- [et_pb_line_break_holder] -->  <a href=\"https:\/\/piarara.com.br\/granja\/produtos\" class=\"parallelogram\"><!-- [et_pb_line_break_holder] -->      <\/p>\n<div class=\"parallelogram-content\"><!-- [et_pb_line_break_holder] -->        Produtos<!-- [et_pb_line_break_holder] -->      <\/div>\n<p><!-- [et_pb_line_break_holder] -->    <\/a><!-- [et_pb_line_break_holder] -->  <!-- [et_pb_line_break_holder] -->  <a href=\"https:\/\/piarara.com.br\/granja\/catalogo-em-breve\/\" target=\"blank\" class=\"parallelogram\" rel=\"noopener\"><!-- [et_pb_line_break_holder] -->      <\/p>\n<div class=\"parallelogram-content\"><!-- [et_pb_line_break_holder] -->        Ver Cat\u00e1logo<!-- [et_pb_line_break_holder] -->      <\/div>\n<p><!-- [et_pb_line_break_holder] -->    <\/a><!-- [et_pb_line_break_holder] -->  <!-- [et_pb_line_break_holder] --><\/div>\n<p>    <!-- [et_pb_line_break_holder] --><!-- [et_pb_line_break_holder] --><!-- [et_pb_line_break_holder] --><\/p>\n<style><!-- [et_pb_line_break_holder] -->  .parallelogram {<!-- [et_pb_line_break_holder] -->      border: none;<!-- [et_pb_line_break_holder] -->      cursor: pointer;<!-- [et_pb_line_break_holder] -->      font-size: 25px;<!-- [et_pb_line_break_holder] -->      font-weight: bold;<!-- [et_pb_line_break_holder] -->      line-height: 1em;<!-- [et_pb_line_break_holder] -->      text-decoration: none;<!-- [et_pb_line_break_holder] -->      color: #fff;<!-- [et_pb_line_break_holder] -->      padding: 22.5px 50px;<!-- [et_pb_line_break_holder] -->      background-color: #eabf32;<!-- [et_pb_line_break_holder] -->      position: relative;<!-- [et_pb_line_break_holder] -->            transform: skew(-35deg) scale(1);<!-- [et_pb_line_break_holder] -->      position: relative;<!-- [et_pb_line_break_holder] -->    display: flex;<!-- [et_pb_line_break_holder] -->    transition: all 0.5 ease;<!-- [et_pb_line_break_holder] -->    }<!-- [et_pb_line_break_holder] -->  <!-- [et_pb_line_break_holder] -->  .buttons {<!-- [et_pb_line_break_holder] -->    display: flex;<!-- [et_pb_line_break_holder] -->    flex-wrap: wrap;<!-- [et_pb_line_break_holder] -->    justify-content: center;<!-- [et_pb_line_break_holder] -->    gap: 50px 70px;<!-- [et_pb_line_break_holder] -->  }<!-- [et_pb_line_break_holder] --><!-- [et_pb_line_break_holder] -->    .parallelogram::after,<!-- [et_pb_line_break_holder] -->    .parallelogram::before {<!-- [et_pb_line_break_holder] -->      content: \"\";<!-- [et_pb_line_break_holder] -->      position: absolute;<!-- [et_pb_line_break_holder] -->      width: 10px;<!-- [et_pb_line_break_holder] -->      background-color: #eabf32;<!-- [et_pb_line_break_holder] -->      transition: all 0.3s ease;<!-- [et_pb_line_break_holder] -->    }<!-- [et_pb_line_break_holder] --><!-- [et_pb_line_break_holder] -->    .parallelogram::before {<!-- [et_pb_line_break_holder] -->      inset: 0 -15px 0 auto;<!-- [et_pb_line_break_holder] -->    }<!-- [et_pb_line_break_holder] --><!-- [et_pb_line_break_holder] -->    .parallelogram:hover::before {<!-- [et_pb_line_break_holder] -->      inset: 0 -20px 0 auto;<!-- [et_pb_line_break_holder] -->    }<!-- [et_pb_line_break_holder] --><!-- [et_pb_line_break_holder] -->    .parallelogram::after {<!-- [et_pb_line_break_holder] -->      inset: 0 -28px 0 auto;<!-- [et_pb_line_break_holder] -->      width: 8px;<!-- [et_pb_line_break_holder] -->    }<!-- [et_pb_line_break_holder] --><!-- [et_pb_line_break_holder] -->    .parallelogram:hover::after {<!-- [et_pb_line_break_holder] -->      inset: 0 -38px 0 auto;<!-- [et_pb_line_break_holder] -->    }<!-- [et_pb_line_break_holder] --><!-- [et_pb_line_break_holder] -->    .parallelogram-content {<!-- [et_pb_line_break_holder] -->      transform: skew(35deg);<!-- [et_pb_line_break_holder] -->      color: #001435;<!-- [et_pb_line_break_holder] -->      font-weight: 600;<!-- [et_pb_line_break_holder] -->      font-family: 'Ubunto', sans-serif;<!-- [et_pb_line_break_holder] -->    }<!-- [et_pb_line_break_holder] --><!-- [et_pb_line_break_holder] --><\/style>\n<p>[\/et_pb_code][\/et_pb_column][\/et_pb_row][\/et_pb_section][et_pb_section fb_built=&#8221;1&#8243; disabled_on=&#8221;on|on|on&#8221; admin_label=&#8221;Products Section&#8221; _builder_version=&#8221;4.27.0&#8243; background_color=&#8221;#efefef&#8221; custom_padding=&#8221;0px|0px|50px|0px|false|false&#8221; hover_enabled=&#8221;0&#8243; da_disable_devices=&#8221;off|off|off&#8221; disabled=&#8221;on&#8221; locked=&#8221;off&#8221; global_colors_info=&#8221;{}&#8221; sticky_enabled=&#8221;0&#8243; da_is_popup=&#8221;off&#8221; da_exit_intent=&#8221;off&#8221; da_has_close=&#8221;on&#8221; da_alt_close=&#8221;off&#8221; da_dark_close=&#8221;off&#8221; da_not_modal=&#8221;on&#8221; da_is_singular=&#8221;off&#8221; da_with_loader=&#8221;off&#8221; da_has_shadow=&#8221;on&#8221;][et_pb_row column_structure=&#8221;1_2,1_2&#8243; use_custom_gutter=&#8221;on&#8221; gutter_width=&#8221;2&#8243; custom_padding_last_edited=&#8221;on|tablet&#8221; admin_label=&#8221;1 Offer Row&#8221; _builder_version=&#8221;4.24.2&#8243; use_background_color_gradient=&#8221;on&#8221; background_color_gradient_type=&#8221;circular&#8221; background_color_gradient_stops=&#8221;gcid-6df0ce32-acc8-4dc1-ad23-eabaf4028fb5 1%|gcid-acbd5969-9d5f-4bea-a694-e0e16adbbd29 70%&#8221; background_color_gradient_start=&#8221;#cd546f&#8221; background_color_gradient_end=&#8221;#9e3f50&#8243; custom_margin_tablet=&#8221;||0px||false|false&#8221; custom_margin_phone=&#8221;||0px||false|false&#8221; custom_margin_last_edited=&#8221;on|tablet&#8221; custom_padding=&#8221;60px|40px|0px|40px|false|false&#8221; custom_padding_tablet=&#8221;||0px||false|false&#8221; custom_padding_phone=&#8221;||0px||false|false&#8221; custom_css_main_element=&#8221;display: flex;||flex-wrap: wrap;&#8221; global_colors_info=&#8221;{%22gcid-136fa7cc-43a4-4bd5-be91-22bc14c2fb80%22:%91%22background_color_gradient_stops%22%93,%22gcid-fcdf4b11-86d7-4882-bcaa-0c577e76baaa%22:%91%22background_color_gradient_stops%22%93,%22gcid-b79b809c-67bf-460b-8ec4-2c95fc8b91ec%22:%91%22background_color_gradient_stops%22%93,%22gcid-4d171f29-f5cf-4a1b-99b0-2dc43983beb9%22:%91%22background_color_gradient_stops%22%93,%22gcid-b3621085-7286-49e2-af5d-784d616941d7%22:%91%22background_color_gradient_stops%22%93,%22gcid-6df0ce32-acc8-4dc1-ad23-eabaf4028fb5%22:%91%22background_color_gradient_stops%22%93,%22gcid-acbd5969-9d5f-4bea-a694-e0e16adbbd29%22:%91%22background_color_gradient_stops%22%93}&#8221; custom_css_main_element_last_edited=&#8221;on|tablet&#8221; custom_css_main_element_tablet=&#8221;display: flex;||flex-wrap: wrap;||flex-direction: column-reverse;&#8221; custom_css_main_element_phone=&#8221;display: flex;||flex-wrap: wrap;||flex-direction: column-reverse;&#8221;][et_pb_column type=&#8221;1_2&#8243; _builder_version=&#8221;4.24.2&#8243; custom_padding=&#8221;|||&#8221; custom_padding_tablet=&#8221;||0px||false|false&#8221; custom_padding_phone=&#8221;||0px||false|false&#8221; custom_padding_last_edited=&#8221;on|tablet&#8221; global_colors_info=&#8221;{}&#8221; custom_padding__hover=&#8221;|||&#8221; custom_css_main_element_last_edited=&#8221;on|tablet&#8221; custom_css_main_element_tablet=&#8221;margin-bottom: 0&#8243; custom_css_main_element_phone=&#8221;margin-bottom: 0&#8243;][et_pb_image src=&#8221;https:\/\/piarara.com.br\/granja\/wp-content\/uploads\/2024\/02\/wepik-export-20240226144221RQc1.png&#8221; align_tablet=&#8221;center&#8221; align_phone=&#8221;center&#8221; align_last_edited=&#8221;on|desktop&#8221; _builder_version=&#8221;4.24.2&#8243; animation_style=&#8221;slide&#8221; animation_direction=&#8221;right&#8221; animation_intensity_slide=&#8221;10%&#8221; global_colors_info=&#8221;{}&#8221;][\/et_pb_image][\/et_pb_column][et_pb_column type=&#8221;1_2&#8243; _builder_version=&#8221;4.24.2&#8243; custom_padding=&#8221;|||&#8221; custom_padding_tablet=&#8221;|||&#8221; custom_padding_phone=&#8221;||50px||false|false&#8221; custom_padding_last_edited=&#8221;on|phone&#8221; global_colors_info=&#8221;{}&#8221; custom_padding__hover=&#8221;|||&#8221;][et_pb_cta title=&#8221;Explore del\u00edcias culin\u00e1rias&#8221; button_url=&#8221;@ET-DC@eyJkeW5hbWljIjp0cnVlLCJjb250ZW50IjoicG9zdF9saW5rX3VybF9wYWdlIiwic2V0dGluZ3MiOnsicG9zdF9pZCI6IjY2NCJ9fQ==@&#8221; button_text=&#8221;Conhecer receitas&#8221; _builder_version=&#8221;4.24.2&#8243; _dynamic_attributes=&#8221;button_url&#8221; header_font=&#8221;Rajdhani|700||on|||||&#8221; header_font_size=&#8221;32px&#8221; header_letter_spacing=&#8221;3px&#8221; header_line_height=&#8221;1.4em&#8221; body_font=&#8221;Rajdhani|600|||||||&#8221; body_font_size=&#8221;20px&#8221; use_background_color=&#8221;off&#8221; custom_button=&#8221;on&#8221; button_text_size=&#8221;14px&#8221; button_text_color=&#8221;#000000&#8243; button_bg_color=&#8221;#ffffff&#8221; button_border_width=&#8221;2px&#8221; button_border_color=&#8221;rgba(0,0,0,0)&#8221; button_border_radius=&#8221;30px&#8221; button_letter_spacing=&#8221;2px&#8221; button_font=&#8221;Open Sans|700||on|||||&#8221; button_use_icon=&#8221;off&#8221; button_custom_padding=&#8221;10px|30px|10px|30px|true|true&#8221; text_orientation=&#8221;left&#8221; custom_margin=&#8221;60px|||&#8221; custom_margin_tablet=&#8221;0px|||&#8221; custom_margin_last_edited=&#8221;off|desktop&#8221; text_orientation_tablet=&#8221;center&#8221; text_orientation_phone=&#8221;center&#8221; text_orientation_last_edited=&#8221;on|tablet&#8221; button_text_color_hover=&#8221;#ffffff&#8221; button_border_color_hover=&#8221;rgba(0,0,0,0)&#8221; button_border_radius_hover=&#8221;28px&#8221; button_letter_spacing_hover=&#8221;2px&#8221; button_bg_color_hover=&#8221;rgba(0,0,0,0.7)&#8221; global_colors_info=&#8221;{}&#8221; button_text_size__hover_enabled=&#8221;off&#8221; button_one_text_size__hover_enabled=&#8221;off&#8221; button_two_text_size__hover_enabled=&#8221;off&#8221; button_text_color__hover_enabled=&#8221;on&#8221; button_text_color__hover=&#8221;#ffffff&#8221; button_one_text_color__hover_enabled=&#8221;off&#8221; button_two_text_color__hover_enabled=&#8221;off&#8221; button_border_width__hover_enabled=&#8221;off&#8221; button_one_border_width__hover_enabled=&#8221;off&#8221; button_two_border_width__hover_enabled=&#8221;off&#8221; button_border_color__hover_enabled=&#8221;on&#8221; button_border_color__hover=&#8221;#FFFFFF&#8221; button_one_border_color__hover_enabled=&#8221;off&#8221; button_two_border_color__hover_enabled=&#8221;off&#8221; button_border_radius__hover_enabled=&#8221;on&#8221; button_border_radius__hover=&#8221;28px&#8221; button_one_border_radius__hover_enabled=&#8221;off&#8221; button_two_border_radius__hover_enabled=&#8221;off&#8221; button_letter_spacing__hover_enabled=&#8221;on&#8221; button_letter_spacing__hover=&#8221;2px&#8221; button_one_letter_spacing__hover_enabled=&#8221;off&#8221; button_two_letter_spacing__hover_enabled=&#8221;off&#8221; button_bg_color__hover_enabled=&#8221;on|hover&#8221; button_bg_color__hover=&#8221;RGBA(255,255,255,0)&#8221; button_one_bg_color__hover_enabled=&#8221;off&#8221; button_two_bg_color__hover_enabled=&#8221;off&#8221; button_bg_enable_color__hover=&#8221;on&#8221;]<\/p>\n<p>Receitas irresist\u00edveis para encantar seu paladar.<\/p>\n<p>[\/et_pb_cta][\/et_pb_column][\/et_pb_row][et_pb_row column_structure=&#8221;1_2,1_2&#8243; use_custom_gutter=&#8221;on&#8221; gutter_width=&#8221;2&#8243; make_equal=&#8221;on&#8221; admin_label=&#8221;2 Offers Row&#8221; _builder_version=&#8221;4.24.2&#8243; global_colors_info=&#8221;{}&#8221;][et_pb_column type=&#8221;1_2&#8243; _builder_version=&#8221;4.24.2&#8243; use_background_color_gradient=&#8221;on&#8221; background_color_gradient_stops=&#8221;gcid-6df0ce32-acc8-4dc1-ad23-eabaf4028fb5 0%|gcid-4d171f29-f5cf-4a1b-99b0-2dc43983beb9 100%&#8221; background_color_gradient_start=&#8221;#febb71&#8243; background_color_gradient_end=&#8221;#dd9f61&#8243; custom_padding=&#8221;60px|40px|60px|40px&#8221; global_colors_info=&#8221;{%22gcid-136fa7cc-43a4-4bd5-be91-22bc14c2fb80%22:%91%22background_color_gradient_stops%22%93,%22gcid-fcdf4b11-86d7-4882-bcaa-0c577e76baaa%22:%91%22background_color_gradient_stops%22%93,%22gcid-6df0ce32-acc8-4dc1-ad23-eabaf4028fb5%22:%91%22background_color_gradient_stops%22%93,%22gcid-acbd5969-9d5f-4bea-a694-e0e16adbbd29%22:%91%22background_color_gradient_stops%22%93,%22gcid-4d171f29-f5cf-4a1b-99b0-2dc43983beb9%22:%91%22background_color_gradient_stops%22%93}&#8221; custom_padding__hover=&#8221;|||&#8221;][et_pb_image src=&#8221;https:\/\/piarara.com.br\/granja\/wp-content\/uploads\/2024\/03\/feijao-Photoroom.png-Photoroom.png&#8221; align_tablet=&#8221;center&#8221; align_phone=&#8221;center&#8221; align_last_edited=&#8221;on|desktop&#8221; _builder_version=&#8221;4.24.2&#8243; animation_style=&#8221;fade&#8221; global_colors_info=&#8221;{}&#8221;][\/et_pb_image][et_pb_cta title=&#8221;Bom Prato, Del\u00edcias Tradicionais&#8221; button_url=&#8221;https:\/\/projetos.an7internet.com.br\/feijaobomprato\/&#8221; url_new_window=&#8221;on&#8221; button_text=&#8221;Ver produto&#8221; _builder_version=&#8221;4.24.2&#8243; header_font=&#8221;Rajdhani|700||on|||||&#8221; header_font_size=&#8221;32px&#8221; header_letter_spacing=&#8221;3px&#8221; header_line_height=&#8221;1.4em&#8221; body_font=&#8221;Rajdhani|600|||||||&#8221; body_font_size=&#8221;20px&#8221; use_background_color=&#8221;off&#8221; custom_button=&#8221;on&#8221; button_text_size=&#8221;14px&#8221; button_text_color=&#8221;#000000&#8243; button_bg_color=&#8221;#ffffff&#8221; button_border_width=&#8221;2px&#8221; button_border_color=&#8221;rgba(0,0,0,0)&#8221; button_border_radius=&#8221;30px&#8221; button_letter_spacing=&#8221;2px&#8221; button_font=&#8221;Open Sans|700||on|||||&#8221; button_use_icon=&#8221;off&#8221; button_custom_padding=&#8221;10px|30px|10px|30px|true|true&#8221; text_orientation=&#8221;left&#8221; custom_margin=&#8221;60px|||&#8221; text_orientation_tablet=&#8221;left&#8221; text_orientation_phone=&#8221;center&#8221; text_orientation_last_edited=&#8221;on|phone&#8221; button_text_color_hover=&#8221;#ffffff&#8221; button_border_color_hover=&#8221;rgba(0,0,0,0)&#8221; button_border_radius_hover=&#8221;28px&#8221; button_letter_spacing_hover=&#8221;2px&#8221; button_bg_color_hover=&#8221;rgba(0,0,0,0.7)&#8221; global_colors_info=&#8221;{}&#8221; button_text_size__hover_enabled=&#8221;off&#8221; button_one_text_size__hover_enabled=&#8221;off&#8221; button_two_text_size__hover_enabled=&#8221;off&#8221; button_text_color__hover_enabled=&#8221;on&#8221; button_text_color__hover=&#8221;#ffffff&#8221; button_one_text_color__hover_enabled=&#8221;off&#8221; button_two_text_color__hover_enabled=&#8221;off&#8221; button_border_width__hover_enabled=&#8221;off&#8221; button_one_border_width__hover_enabled=&#8221;off&#8221; button_two_border_width__hover_enabled=&#8221;off&#8221; button_border_color__hover_enabled=&#8221;on&#8221; button_border_color__hover=&#8221;#FFFFFF&#8221; button_one_border_color__hover_enabled=&#8221;off&#8221; button_two_border_color__hover_enabled=&#8221;off&#8221; button_border_radius__hover_enabled=&#8221;on&#8221; button_border_radius__hover=&#8221;28px&#8221; button_one_border_radius__hover_enabled=&#8221;off&#8221; button_two_border_radius__hover_enabled=&#8221;off&#8221; button_letter_spacing__hover_enabled=&#8221;on&#8221; button_letter_spacing__hover=&#8221;2px&#8221; button_one_letter_spacing__hover_enabled=&#8221;off&#8221; button_two_letter_spacing__hover_enabled=&#8221;off&#8221; button_bg_color__hover_enabled=&#8221;on|hover&#8221; button_bg_color__hover=&#8221;RGBA(255,255,255,0)&#8221; button_one_bg_color__hover_enabled=&#8221;off&#8221; button_two_bg_color__hover_enabled=&#8221;off&#8221;]Descubra o aut\u00eantico sabor da culin\u00e1ria com a marca que \u00e9 sin\u00f4nimo de qualidade e tradi\u00e7\u00e3o.[\/et_pb_cta][\/et_pb_column][et_pb_column type=&#8221;1_2&#8243; _builder_version=&#8221;4.24.2&#8243; use_background_color_gradient=&#8221;on&#8221; background_color_gradient_stops=&#8221;gcid-6df0ce32-acc8-4dc1-ad23-eabaf4028fb5 0%|gcid-4d171f29-f5cf-4a1b-99b0-2dc43983beb9 100%&#8221; background_color_gradient_start=&#8221;#e9684e&#8221; background_color_gradient_end=&#8221;#c95b42&#8243; custom_padding=&#8221;60px|40px|60px|40px&#8221; global_colors_info=&#8221;{%22gcid-136fa7cc-43a4-4bd5-be91-22bc14c2fb80%22:%91%22background_color_gradient_stops%22%93,%22gcid-fcdf4b11-86d7-4882-bcaa-0c577e76baaa%22:%91%22background_color_gradient_stops%22%93,%22gcid-6df0ce32-acc8-4dc1-ad23-eabaf4028fb5%22:%91%22background_color_gradient_stops%22%93,%22gcid-0d98f599-b025-4704-9bcf-fc6d3980474a%22:%91%22background_color_gradient_stops%22%93,%22gcid-4d171f29-f5cf-4a1b-99b0-2dc43983beb9%22:%91%22background_color_gradient_stops%22%93}&#8221; custom_padding__hover=&#8221;|||&#8221;][et_pb_image src=&#8221;https:\/\/piarara.com.br\/granja\/wp-content\/uploads\/2024\/03\/arroz-Photoroom.png-Photoroom.png&#8221; align_tablet=&#8221;center&#8221; align_phone=&#8221;center&#8221; align_last_edited=&#8221;on|desktop&#8221; _builder_version=&#8221;4.24.2&#8243; animation_style=&#8221;fade&#8221; global_colors_info=&#8221;{}&#8221;][\/et_pb_image][et_pb_cta title=&#8221;Mestre Cuca, sabor de casa&#8221; button_url=&#8221;https:\/\/lp.arrozefeijaomestrecuca.com.br\/piarara\/&#8221; url_new_window=&#8221;on&#8221; button_text=&#8221;Ver produto&#8221; _builder_version=&#8221;4.24.2&#8243; header_font=&#8221;Rajdhani|700||on|||||&#8221; header_font_size=&#8221;32px&#8221; header_letter_spacing=&#8221;3px&#8221; header_line_height=&#8221;1.4em&#8221; body_font=&#8221;Rajdhani|600|||||||&#8221; body_font_size=&#8221;20px&#8221; use_background_color=&#8221;off&#8221; custom_button=&#8221;on&#8221; button_text_size=&#8221;14px&#8221; button_text_color=&#8221;#000000&#8243; button_bg_color=&#8221;#ffffff&#8221; button_border_width=&#8221;2px&#8221; button_border_color=&#8221;rgba(0,0,0,0)&#8221; button_border_radius=&#8221;30px&#8221; button_letter_spacing=&#8221;2px&#8221; button_font=&#8221;Open Sans|700||on|||||&#8221; button_use_icon=&#8221;off&#8221; button_custom_padding=&#8221;10px|30px|10px|30px|true|true&#8221; text_orientation=&#8221;left&#8221; custom_margin=&#8221;60px|||&#8221; text_orientation_tablet=&#8221;left&#8221; text_orientation_phone=&#8221;center&#8221; text_orientation_last_edited=&#8221;on|phone&#8221; button_text_color_hover=&#8221;#ffffff&#8221; button_border_color_hover=&#8221;rgba(0,0,0,0)&#8221; button_border_radius_hover=&#8221;28px&#8221; button_letter_spacing_hover=&#8221;2px&#8221; button_bg_color_hover=&#8221;rgba(0,0,0,0.7)&#8221; global_colors_info=&#8221;{}&#8221; button_text_size__hover_enabled=&#8221;off&#8221; button_one_text_size__hover_enabled=&#8221;off&#8221; button_two_text_size__hover_enabled=&#8221;off&#8221; button_text_color__hover_enabled=&#8221;on&#8221; button_text_color__hover=&#8221;#ffffff&#8221; button_one_text_color__hover_enabled=&#8221;off&#8221; button_two_text_color__hover_enabled=&#8221;off&#8221; button_border_width__hover_enabled=&#8221;off&#8221; button_one_border_width__hover_enabled=&#8221;off&#8221; button_two_border_width__hover_enabled=&#8221;off&#8221; button_border_color__hover_enabled=&#8221;on&#8221; button_border_color__hover=&#8221;#FFFFFF&#8221; button_one_border_color__hover_enabled=&#8221;off&#8221; button_two_border_color__hover_enabled=&#8221;off&#8221; button_border_radius__hover_enabled=&#8221;on&#8221; button_border_radius__hover=&#8221;28px&#8221; button_one_border_radius__hover_enabled=&#8221;off&#8221; button_two_border_radius__hover_enabled=&#8221;off&#8221; button_letter_spacing__hover_enabled=&#8221;on&#8221; button_letter_spacing__hover=&#8221;2px&#8221; button_one_letter_spacing__hover_enabled=&#8221;off&#8221; button_two_letter_spacing__hover_enabled=&#8221;off&#8221; button_bg_color__hover_enabled=&#8221;on|hover&#8221; button_bg_color__hover=&#8221;RGBA(255,255,255,0)&#8221; button_one_bg_color__hover_enabled=&#8221;off&#8221; button_two_bg_color__hover_enabled=&#8221;off&#8221;]Transforme suas refei\u00e7\u00f5es com os melhores ingredientes, garantindo qualidade e sabor em cada prato.[\/et_pb_cta][\/et_pb_column][\/et_pb_row][\/et_pb_section]<\/p>\n","protected":false},"excerpt":{"rendered":"<p>ProdutosReceitas irresist\u00edveis para encantar seu paladar.Descubra o aut\u00eantico sabor da culin\u00e1ria com a marca que \u00e9 sin\u00f4nimo de qualidade e tradi\u00e7\u00e3o.Transforme suas refei\u00e7\u00f5es com os melhores ingredientes, garantindo qualidade e sabor em cada prato.<\/p>\n","protected":false},"author":1,"featured_media":0,"parent":0,"menu_order":0,"comment_status":"closed","ping_status":"closed","template":"","meta":{"_acf_changed":false,"_et_pb_use_builder":"on","_et_pb_old_content":"","_et_gb_content_width":"","inline_featured_image":false,"footnotes":""},"class_list":["post-815","page","type-page","status-publish","hentry"],"acf":[],"_links":{"self":[{"href":"https:\/\/piarara.com.br\/granja\/wp-json\/wp\/v2\/pages\/815","targetHints":{"allow":["GET"]}}],"collection":[{"href":"https:\/\/piarara.com.br\/granja\/wp-json\/wp\/v2\/pages"}],"about":[{"href":"https:\/\/piarara.com.br\/granja\/wp-json\/wp\/v2\/types\/page"}],"author":[{"embeddable":true,"href":"https:\/\/piarara.com.br\/granja\/wp-json\/wp\/v2\/users\/1"}],"replies":[{"embeddable":true,"href":"https:\/\/piarara.com.br\/granja\/wp-json\/wp\/v2\/comments?post=815"}],"version-history":[{"count":65,"href":"https:\/\/piarara.com.br\/granja\/wp-json\/wp\/v2\/pages\/815\/revisions"}],"predecessor-version":[{"id":1242,"href":"https:\/\/piarara.com.br\/granja\/wp-json\/wp\/v2\/pages\/815\/revisions\/1242"}],"wp:attachment":[{"href":"https:\/\/piarara.com.br\/granja\/wp-json\/wp\/v2\/media?parent=815"}],"curies":[{"name":"wp","href":"https:\/\/api.w.org\/{rel}","templated":true}]}}